{"id":653,"date":"2018-07-03T14:22:39","date_gmt":"2018-07-03T12:22:39","guid":{"rendered":"http:\/\/xavd.azurewebsites.net\/?page_id=653"},"modified":"2018-07-03T16:22:53","modified_gmt":"2018-07-03T14:22:53","slug":"les-terrasses-bois","status":"publish","type":"page","link":"https:\/\/www.paysagiste-andernos.com\/?page_id=653","title":{"rendered":"Les terrasses bois"},"content":{"rendered":"<p><b><span style=\"text-decoration: underline;\">Les terrasses bois\u00a0<\/span><\/b>: Esth\u00e9tique et conviviale, la terrasse en bois est un v\u00e9ritable lieu de plaisir. On peut y ajouter la touche d\u00e9co en jouant sur la forme de la terrasse, les longueurs de lames et les diff\u00e9rentes essences \u00e0 disposition.<\/p>\n<p style=\"text-align: justify;\">\n<a href=\"\/wp-content\/uploads\/2018\/07\/terrasse-bois-11.jpg\"><img loading=\"lazy\" decoding=\"async\" class=\"alignnone size-medium wp-image-228\" src=\"\/wp-content\/uploads\/2018\/07\/terrasse-bois-11-300x132.jpg\" alt=\"terrasse bois 11\" width=\"527\" height=\"192\" \/><\/a><a href=\"\/wp-content\/uploads\/2018\/07\/escalier-2.jpg\"><img loading=\"lazy\" decoding=\"async\" class=\"alignnone size-medium wp-image-260\" src=\"\/wp-content\/uploads\/2018\/07\/escalier-2-225x300.jpg\" alt=\"escalier 2\" width=\"225\" height=\"300\" \/><\/a>\u00a0\u00a0\u00a0<a href=\"\/wp-content\/uploads\/2018\/07\/ceestas-arbr_pay.jpg\"><img loading=\"lazy\" decoding=\"async\" class=\"alignnone size-medium wp-image-310\" src=\"\/wp-content\/uploads\/2018\/07\/ceestas-arbr_pay-300x225.jpg\" alt=\"ceestas arbr_pay\" width=\"253\" height=\"255\" \/><\/a>\u00a0<a href=\"\/wp-content\/uploads\/2018\/07\/escalier-3.jpg\"><img loading=\"lazy\" decoding=\"async\" class=\"alignnone size-medium wp-image-261\" src=\"\/wp-content\/uploads\/2018\/07\/escalier-3-225x300.jpg\" alt=\"escalier 3\" width=\"225\" height=\"300\" \/><\/a>\u00a0<a href=\"\/wp-content\/uploads\/2018\/07\/all\u00e9e-4.jpg\"><img loading=\"lazy\" decoding=\"async\" class=\"alignnone size-medium wp-image-232\" src=\"\/wp-content\/uploads\/2018\/07\/all\u00e9e-4-300x225.jpg\" alt=\"all\u00e9e 4\" width=\"274\" height=\"224\" \/><\/a><a href=\"\/wp-content\/uploads\/2018\/07\/all\u00e9e-5.jpg\"><img loading=\"lazy\" decoding=\"async\" class=\"alignnone size-medium wp-image-233\" src=\"\/wp-content\/uploads\/2018\/07\/all\u00e9e-5-225x300.jpg\" alt=\"all\u00e9e 5\" width=\"225\" height=\"300\" \/><\/a>\u00a0<a href=\"\/wp-content\/uploads\/2018\/07\/terrasse-bois-5.jpg\"><img loading=\"lazy\" decoding=\"async\" class=\"alignnone size-medium wp-image-220\" src=\"\/wp-content\/uploads\/2018\/07\/terrasse-bois-5-300x225.jpg\" alt=\"terrasse bois 5\" width=\"282\" height=\"220\" \/><\/a><\/p>\n<p style=\"text-align: justify;\">\u00a0<a href=\"\/wp-content\/uploads\/2018\/07\/terrasse-bois-9.jpg\"><img loading=\"lazy\" decoding=\"async\" class=\"alignnone size-medium wp-image-224\" src=\"\/wp-content\/uploads\/2018\/07\/terrasse-bois-9-300x225.jpg\" alt=\"terrasse bois 9\" width=\"255\" height=\"225\" \/><\/a>\u00a0<a href=\"\/wp-content\/uploads\/2018\/07\/terrasse-bois-10.jpg\"><img loading=\"lazy\" decoding=\"async\" class=\"alignnone size-medium wp-image-225\" src=\"\/wp-content\/uploads\/2018\/07\/terrasse-bois-10-300x225.jpg\" alt=\"terrasse bois 10\" width=\"242\" height=\"224\" \/><\/a> <a href=\"\/wp-content\/uploads\/2018\/07\/terrasse-bois-7.jpg\"><img loading=\"lazy\" decoding=\"async\" class=\"alignnone size-medium wp-image-222\" src=\"\/wp-content\/uploads\/2018\/07\/terrasse-bois-7-300x225.jpg\" alt=\"terrasse bois 7\" width=\"262\" height=\"214\" \/><\/a><\/p>\n<p style=\"text-align: justify;\">\u00a0<a href=\"\/wp-content\/uploads\/2018\/07\/DSC0190aa1.jpg\"><img loading=\"lazy\" decoding=\"async\" class=\"alignnone size-medium wp-image-326\" src=\"\/wp-content\/uploads\/2018\/07\/DSC0190aa1-300x136.jpg\" alt=\"DSC0190aa1\" width=\"496\" height=\"201\" \/><\/a> <a href=\"\/wp-content\/uploads\/2018\/07\/terrasse-bois-3.jpg\"><img loading=\"lazy\" decoding=\"async\" class=\"alignnone size-medium wp-image-218\" style=\"width: 191px; height: 317px;\" src=\"\/wp-content\/uploads\/2018\/07\/terrasse-bois-3-300x225.jpg\" alt=\"terrasse bois 3\" width=\"300\" height=\"225\" \/><\/a>\u00a0<a href=\"\/wp-content\/uploads\/2018\/07\/solivage-2.jpg\"><img loading=\"lazy\" decoding=\"async\" class=\"alignnone size-medium wp-image-207\" src=\"\/wp-content\/uploads\/2018\/07\/solivage-2-300x225.jpg\" alt=\"solivage 2\" width=\"300\" height=\"225\" \/><\/a> <a href=\"\/wp-content\/uploads\/2018\/07\/solivage-5.jpg\"><img loading=\"lazy\" decoding=\"async\" class=\"alignnone size-medium wp-image-210\" src=\"\/wp-content\/uploads\/2018\/07\/solivage-5-300x225.jpg\" alt=\"solivage 5\" width=\"246\" height=\"224\" \/><\/a> <a href=\"\/wp-content\/uploads\/2018\/07\/solivage-9.jpg\"><img loading=\"lazy\" decoding=\"async\" class=\"alignnone size-medium wp-image-214\" src=\"\/wp-content\/uploads\/2018\/07\/solivage-9-300x225.jpg\" alt=\"solivage 9\" width=\"238\" height=\"224\" \/><\/a><\/p>\n<p><b><span style=\"text-decoration: underline;\">Les terrasses bois\u00a0<\/span><\/b>: Esth\u00e9tique et conviviale, la terrasse en bois est un v\u00e9ritable lieu de plaisir. On peut y ajouter la touche d\u00e9co en jouant sur la forme de la terrasse, les longueurs de lames et les diff\u00e9rentes essences \u00e0 disposition.<\/p>\n","protected":false},"excerpt":{"rendered":"<p>Les terrasses bois\u00a0: Esth\u00e9tique et conviviale, la terrasse en bois est un v\u00e9ritable lieu de plaisir. On peut y ajouter la touche d\u00e9co en jouant sur la forme de la terrasse, les longueurs de lames et les diff\u00e9rentes essences \u00e0\u2026<\/p>\n","protected":false},"author":1,"featured_media":0,"parent":0,"menu_order":0,"comment_status":"closed","ping_status":"closed","template":"","meta":{"ngg_post_thumbnail":0,"footnotes":""},"class_list":["post-653","page","type-page","status-publish","hentry"],"aioseo_notices":[],"_links":{"self":[{"href":"https:\/\/www.paysagiste-andernos.com\/index.php?rest_route=\/wp\/v2\/pages\/653","targetHints":{"allow":["GET"]}}],"collection":[{"href":"https:\/\/www.paysagiste-andernos.com\/index.php?rest_route=\/wp\/v2\/pages"}],"about":[{"href":"https:\/\/www.paysagiste-andernos.com\/index.php?rest_route=\/wp\/v2\/types\/page"}],"author":[{"embeddable":true,"href":"https:\/\/www.paysagiste-andernos.com\/index.php?rest_route=\/wp\/v2\/users\/1"}],"replies":[{"embeddable":true,"href":"https:\/\/www.paysagiste-andernos.com\/index.php?rest_route=%2Fwp%2Fv2%2Fcomments&post=653"}],"version-history":[{"count":7,"href":"https:\/\/www.paysagiste-andernos.com\/index.php?rest_route=\/wp\/v2\/pages\/653\/revisions"}],"predecessor-version":[{"id":815,"href":"https:\/\/www.paysagiste-andernos.com\/index.php?rest_route=\/wp\/v2\/pages\/653\/revisions\/815"}],"wp:attachment":[{"href":"https:\/\/www.paysagiste-andernos.com\/index.php?rest_route=%2Fwp%2Fv2%2Fmedia&parent=653"}],"curies":[{"name":"wp","href":"https:\/\/api.w.org\/{rel}","templated":true}]}}