{"id":692,"date":"2018-07-03T14:40:26","date_gmt":"2018-07-03T12:40:26","guid":{"rendered":"http:\/\/xavd.azurewebsites.net\/?page_id=692"},"modified":"2018-07-03T14:43:46","modified_gmt":"2018-07-03T12:43:46","slug":"les-gazons","status":"publish","type":"page","link":"https:\/\/www.paysagiste-andernos.com\/?page_id=692","title":{"rendered":"Les Gazons"},"content":{"rendered":"<p>Ils repr\u00e9sentent plus de 80% des jardins et c\u2019est souvent la partie la plus d\u00e9licate \u00e0 traiter.<\/p>\n<p><span style=\"text-decoration: underline;\">Les gazons sem\u00e9e\u00a0<\/span>: Nos vari\u00e9t\u00e9s\u00a0 de graines, nous permettes de semer pratiquement \u00e0 toutes les \u00e9poques de\u00a0 l\u2019ann\u00e9e, (+25\u00b0C \u00e0 -10\u00b0C) ainsi que toutes les cat\u00e9gories de gazons que vous souhaitez (gazons rustique, pi\u00e9tinement, gazons soleil, ombre, gazon type green de golf)<\/p>\n<p><span style=\"text-decoration: underline;\">Les gazons en plaques\u00a0<\/span>: Pour ceux qui veulent un gazon vert, vigoureux imm\u00e9diatement et dense, il ne contient no mauvaise herbe, ni maladie, ni mousses.<\/p>\n<p><span style=\"text-decoration: underline;\">Les gazons carrossables\u00a0<\/span>: sp\u00e9cialement \u00e9tudi\u00e9 pour les all\u00e9es carrossables, stationnement, acc\u00e8s garage, talus. Cela constitue une excellente protection contre l\u2019\u00e9rosion des sols.<\/p>\n<p>L\u2019utilisation des jardins n\u2019est pas le m\u00eame pour tous, et doit donc avoir le choix\u00a0; le choix des mati\u00e8res\u00a0: Naturel ou Synth\u00e9tiques<\/p>\n<p><span style=\"text-decoration: underline;\">Les gazons synth\u00e9tiques<\/span>\u00a0: Le gazon synth\u00e9tique est id\u00e9al pour votre jardins, contour de piscine, terrasse, balcon, terrain de sport, jardin sur terrasse.<\/p>\n<p>&nbsp;<\/p>\n<p style=\"text-align: justify;\">\n<p style=\"text-align: justify;\">\n\u00a0<a href=\"\/wp-content\/uploads\/2018\/07\/P9030572.jpg\"><br \/>\n<img loading=\"lazy\" decoding=\"async\" class=\"alignnone size-medium wp-image-299\" alt=\"P9030572\" src=\"\/wp-content\/uploads\/2018\/07\/P9030572-300x225.jpg\" width=\"274\" height=\"223\" \/><\/a> <a href=\"\/wp-content\/uploads\/2018\/07\/massif-7.jpg\"><img loading=\"lazy\" decoding=\"async\" class=\"alignnone size-medium wp-image-269\" alt=\"massif 7\" src=\"\/wp-content\/uploads\/2018\/07\/massif-7-300x225.jpg\" width=\"300\" height=\"225\" \/><\/a> <a href=\"\/wp-content\/uploads\/2018\/07\/drain-8.jpg\"><img loading=\"lazy\" decoding=\"async\" class=\"alignnone size-medium wp-image-256\" alt=\"drain 8\" src=\"\/wp-content\/uploads\/2018\/07\/drain-8-225x300.jpg\" width=\"170\" height=\"320\" \/><\/a>\u00a0<a href=\"\/wp-content\/uploads\/2018\/07\/gazon-5.jpg\"><img loading=\"lazy\" decoding=\"async\" class=\"alignnone size-medium wp-image-197\" alt=\"gazon 5\" src=\"\/wp-content\/uploads\/2018\/07\/gazon-5-225x300.jpg\" width=\"166\" height=\"320\" \/><\/a><a href=\"\/wp-content\/uploads\/2018\/07\/gazon-2.jpg\"><img loading=\"lazy\" decoding=\"async\" class=\"alignnone size-medium wp-image-194\" alt=\"gazon 2\" src=\"\/wp-content\/uploads\/2018\/07\/gazon-2-300x225.jpg\" width=\"191\" height=\"242\" \/><\/a>\u00a0<a href=\"\/wp-content\/uploads\/2018\/07\/all\u00e9e-11.jpg\"><img loading=\"lazy\" decoding=\"async\" class=\"alignnone size-medium wp-image-239\" alt=\"all\u00e9e 11\" src=\"\/wp-content\/uploads\/2018\/07\/all\u00e9e-11-300x225.jpg\" width=\"257\" height=\"224\" \/><\/a>\u00a0<a href=\"\/wp-content\/uploads\/2018\/07\/all\u00e9e-10.jpg\"><img loading=\"lazy\" decoding=\"async\" class=\"alignnone size-medium wp-image-238\" alt=\"all\u00e9e 10\" src=\"\/wp-content\/uploads\/2018\/07\/all\u00e9e-10-300x225.jpg\" width=\"261\" height=\"223\" \/><\/a>\u00a0<a href=\"\/wp-content\/uploads\/2018\/07\/gazon-10.jpg\"><img loading=\"lazy\" decoding=\"async\" class=\"alignnone size-medium wp-image-202\" alt=\"gazon 10\" src=\"\/wp-content\/uploads\/2018\/07\/gazon-10-300x225.jpg\" width=\"257\" height=\"221\" \/><\/a>\u00a0\u00a0<a href=\"\/wp-content\/uploads\/2018\/07\/gazon-9.jpg\"><img loading=\"lazy\" decoding=\"async\" class=\"alignnone size-medium wp-image-201\" alt=\"gazon 9\" src=\"\/wp-content\/uploads\/2018\/07\/gazon-9-300x225.jpg\" width=\"265\" height=\"220\" \/><\/a><a href=\"\/wp-content\/uploads\/2018\/07\/gazon-3.jpg\"><img loading=\"lazy\" decoding=\"async\" class=\"alignnone size-medium wp-image-195\" alt=\"gazon 3\" src=\"\/wp-content\/uploads\/2018\/07\/gazon-3-300x225.jpg\" width=\"255\" height=\"253\" \/><\/a>\u00a0<a href=\"\/wp-content\/uploads\/2018\/07\/gazon-7.jpg\"><img loading=\"lazy\" decoding=\"async\" class=\"alignnone size-medium wp-image-199\" alt=\"gazon 7\" src=\"\/wp-content\/uploads\/2018\/07\/gazon-7-300x225.jpg\" width=\"258\" height=\"256\" \/><\/a>\u00a0<a href=\"\/wp-content\/uploads\/2018\/07\/gazon-8.jpg\"><img loading=\"lazy\" decoding=\"async\" class=\"alignnone size-medium wp-image-200\" alt=\"gazon 8\" src=\"\/wp-content\/uploads\/2018\/07\/gazon-8-300x225.jpg\" width=\"263\" height=\"256\" \/><\/a>\u00a0<a href=\"\/wp-content\/uploads\/2018\/07\/gazon-4.jpg\"><img loading=\"lazy\" decoding=\"async\" class=\"alignnone size-medium wp-image-196\" alt=\"gazon 4\" src=\"\/wp-content\/uploads\/2018\/07\/gazon-4-300x225.jpg\" width=\"253\" height=\"288\" \/><\/a> <a href=\"\/wp-content\/uploads\/2018\/07\/100_1025.jpg\"><img loading=\"lazy\" decoding=\"async\" class=\"alignnone size-medium wp-image-164\" alt=\"100_1025\" src=\"\/wp-content\/uploads\/2018\/07\/100_1025-300x225.jpg\" width=\"264\" height=\"227\" \/><\/a><\/p>\n<p>&nbsp;<\/p>\n","protected":false},"excerpt":{"rendered":"<p>Ils repr\u00e9sentent plus de 80% des jardins et c\u2019est souvent la partie la plus d\u00e9licate \u00e0 traiter. Les gazons sem\u00e9e\u00a0: Nos vari\u00e9t\u00e9s\u00a0 de graines, nous permettes de semer pratiquement \u00e0 toutes les \u00e9poques de\u00a0 l\u2019ann\u00e9e, (+25\u00b0C \u00e0 -10\u00b0C) ainsi que\u2026<\/p>\n","protected":false},"author":1,"featured_media":0,"parent":0,"menu_order":0,"comment_status":"closed","ping_status":"closed","template":"","meta":{"ngg_post_thumbnail":0,"footnotes":""},"class_list":["post-692","page","type-page","status-publish","hentry"],"aioseo_notices":[],"_links":{"self":[{"href":"https:\/\/www.paysagiste-andernos.com\/index.php?rest_route=\/wp\/v2\/pages\/692","targetHints":{"allow":["GET"]}}],"collection":[{"href":"https:\/\/www.paysagiste-andernos.com\/index.php?rest_route=\/wp\/v2\/pages"}],"about":[{"href":"https:\/\/www.paysagiste-andernos.com\/index.php?rest_route=\/wp\/v2\/types\/page"}],"author":[{"embeddable":true,"href":"https:\/\/www.paysagiste-andernos.com\/index.php?rest_route=\/wp\/v2\/users\/1"}],"replies":[{"embeddable":true,"href":"https:\/\/www.paysagiste-andernos.com\/index.php?rest_route=%2Fwp%2Fv2%2Fcomments&post=692"}],"version-history":[{"count":4,"href":"https:\/\/www.paysagiste-andernos.com\/index.php?rest_route=\/wp\/v2\/pages\/692\/revisions"}],"predecessor-version":[{"id":726,"href":"https:\/\/www.paysagiste-andernos.com\/index.php?rest_route=\/wp\/v2\/pages\/692\/revisions\/726"}],"wp:attachment":[{"href":"https:\/\/www.paysagiste-andernos.com\/index.php?rest_route=%2Fwp%2Fv2%2Fmedia&parent=692"}],"curies":[{"name":"wp","href":"https:\/\/api.w.org\/{rel}","templated":true}]}}