{"id":727,"date":"2018-07-03T14:52:16","date_gmt":"2018-07-03T12:52:16","guid":{"rendered":"http:\/\/xavd.azurewebsites.net\/?page_id=727"},"modified":"2018-07-03T14:55:49","modified_gmt":"2018-07-03T12:55:49","slug":"les-allees","status":"publish","type":"page","link":"https:\/\/www.paysagiste-andernos.com\/?page_id=727","title":{"rendered":"Les all\u00e9es"},"content":{"rendered":"<p style=\"text-align: justify;\"><span style=\"text-decoration: underline;\">Le caillebotis<\/span>\u00a0: vous pouvez facilement renouveler votre all\u00e9e. Sa d\u00e9coupe permet de r\u00e9alis\u00e9 toutes les formes et arrondis souhait\u00e9.<\/p>\n<p><span style=\"text-decoration: underline;\">Le schiste<\/span>\u00a0: se pose plut\u00f4t en pas japonais, en quinconce, ou en ligne\u00a0 entour\u00e9 de caillou, de gazon, d\u2019\u00e9corces).<\/p>\n<p><span style=\"text-decoration: underline;\">Dallage<\/span>\u00a0: se pose souvent sur dalle b\u00e9ton, sauf pour les pas japonais ou la pose se fait directement m\u00eame le sol.<\/p>\n<p><span style=\"text-decoration: underline;\">Traverse<\/span>\u00a0: se pose en pas japonais dans la largeur. Pour un effet de prolongation, les traverses peuvent se positionn\u00e9es dans la longueur..<\/p>\n<p>D\u2019autre type de rev\u00eatements sont possible, en <span style=\"text-decoration: underline;\">cailloux<\/span>, <span style=\"text-decoration: underline;\">\u00e9corces<\/span>, <span style=\"text-decoration: underline;\">calcaire.<\/span><\/p>\n<p style=\"text-align: justify;\"><a href=\"\/wp-content\/uploads\/2018\/07\/all\u00e9e-15.jpg\"><img loading=\"lazy\" decoding=\"async\" class=\"alignnone size-medium wp-image-244\" alt=\"all\u00e9e 15\" src=\"\/wp-content\/uploads\/2018\/07\/all\u00e9e-15-233x300.jpg\" width=\"212\" height=\"256\" \/><\/a><a href=\"\/wp-content\/uploads\/2018\/07\/all\u00e9e-14.jpg\"><img loading=\"lazy\" decoding=\"async\" class=\"alignnone size-medium wp-image-243\" alt=\"all\u00e9e 14\" src=\"\/wp-content\/uploads\/2018\/07\/all\u00e9e-14-300x283.jpg\" width=\"246\" height=\"256\" \/><\/a><\/p>\n<p style=\"text-align: justify;\">\u00a0\u00a0\u00a0\u00a0\u00a0\u00a0\u00a0\u00a0\u00a0\u00a0\u00a0\u00a0\u00a0 caillebotis en pin\u00a0\u00a0 \u2191\u00a0\u00a0\u00a0\u00a0\u00a0\u00a0\u00a0\u00a0\u00a0\u00a0\u00a0\u00a0\u00a0\u00a0\u00a0\u00a0\u00a0\u00a0\u00a0\u00a0\u00a0\u00a0\u00a0\u00a0\u00a0\u00a0\u00a0\u00a0\u00a0\u00a0\u00a0\u00a0\u00a0\u00a0\u00a0\u00a0\u00a0\u00a0\u00a0\u00a0\u00a0\u00a0\u00a0 en traverse\u00a0 \u2191<\/p>\n<p style=\"text-align: justify;\"><a href=\"\/wp-content\/uploads\/2018\/07\/all\u00e9e-10.jpg\"><img loading=\"lazy\" decoding=\"async\" class=\"alignnone size-medium wp-image-238\" alt=\"all\u00e9e 10\" src=\"\/wp-content\/uploads\/2018\/07\/all\u00e9e-10-300x225.jpg\" width=\"255\" height=\"223\" \/><\/a>\u00a0<a href=\"\/wp-content\/uploads\/2018\/07\/all\u00e9e-11.jpg\"><img loading=\"lazy\" decoding=\"async\" class=\"alignnone size-medium wp-image-239\" alt=\"all\u00e9e 11\" src=\"\/wp-content\/uploads\/2018\/07\/all\u00e9e-11-300x225.jpg\" width=\"254\" height=\"224\" \/><\/a><\/p>\n<p style=\"text-align: justify;\">\u00a0\u00a0\u00a0\u00a0\u00a0\u00a0\u00a0\u00a0\u00a0\u00a0\u00a0\u00a0\u00a0\u00a0\u00a0\u00a0\u00a0\u00a0\u00a0\u00a0\u00a0\u00a0\u00a0\u00a0\u00a0\u00a0\u00a0\u00a0\u00a0\u00a0\u00a0\u00a0\u00a0\u00a0\u00a0\u00a0\u00a0\u00a0\u00a0\u00a0\u00a0\u00a0\u00a0\u00a0\u00a0\u00a0\u00a0\u00a0\u00a0\u00a0\u00a0\u00a0\u00a0 en dalle de schiste\u00a0 \u2191<\/p>\n<p style=\"text-align: justify;\"><a href=\"\/wp-content\/uploads\/2018\/07\/all\u00e9e-9.jpg\"><img loading=\"lazy\" decoding=\"async\" class=\"alignnone size-medium wp-image-237\" alt=\"all\u00e9e 9\" src=\"\/wp-content\/uploads\/2018\/07\/all\u00e9e-9-225x300.jpg\" width=\"225\" height=\"300\" \/><\/a>\u00a0<a href=\"\/wp-content\/uploads\/2018\/07\/all\u00e9e-8.jpg\"><img loading=\"lazy\" decoding=\"async\" class=\"alignnone size-medium wp-image-236\" alt=\"all\u00e9e 8\" src=\"\/wp-content\/uploads\/2018\/07\/all\u00e9e-8-258x300.jpg\" width=\"258\" height=\"300\" \/><\/a><\/p>\n<p style=\"text-align: justify;\">\u00a0\u00a0\u00a0\u00a0\u00a0\u00a0\u00a0\u00a0\u00a0\u00a0\u00a0\u00a0\u00a0\u00a0\u00a0\u00a0\u00a0\u00a0\u00a0\u00a0\u00a0\u00a0\u00a0 dalle de schiste\u00a0 \u2191\u00a0\u00a0\u00a0\u00a0\u00a0\u00a0\u00a0\u00a0\u00a0\u00a0\u00a0\u00a0\u00a0\u00a0\u00a0\u00a0\u00a0\u00a0\u00a0\u00a0\u00a0\u00a0\u00a0\u00a0\u00a0\u00a0\u00a0\u00a0\u00a0\u00a0\u00a0\u00a0\u00a0\u00a0\u00a0\u00a0\u00a0\u00a0\u00a0\u00a0\u00a0\u00a0\u00a0\u00a0\u00a0\u00a0\u00a0\u00a0\u00a0\u00a0\u00a0 traverses\u00a0 \u2191<\/p>\n<p style=\"text-align: justify;\"><a href=\"\/wp-content\/uploads\/2018\/07\/all\u00e9e-5.jpg\"><img loading=\"lazy\" decoding=\"async\" class=\"alignnone size-medium wp-image-233\" alt=\"all\u00e9e 5\" src=\"\/wp-content\/uploads\/2018\/07\/all\u00e9e-5-225x300.jpg\" width=\"225\" height=\"300\" \/><\/a>\u00a0<a href=\"\/wp-content\/uploads\/2018\/07\/all\u00e9e-1.jpg\"><img loading=\"lazy\" decoding=\"async\" class=\"alignnone size-medium wp-image-229\" alt=\"all\u00e9e 1\" src=\"\/wp-content\/uploads\/2018\/07\/all\u00e9e-1-225x300.jpg\" width=\"225\" height=\"300\" \/><\/a><\/p>\n<p style=\"text-align: justify;\">\u00a0\u00a0\u00a0\u00a0\u00a0\u00a0\u00a0\u00a0\u00a0\u00a0\u00a0\u00a0\u00a0\u00a0\u00a0\u00a0\u00a0\u00a0\u00a0\u00a0\u00a0\u00a0\u00a0\u00a0\u00a0\u00a0\u00a0\u00a0\u00a0\u00a0\u00a0\u00a0\u00a0\u00a0\u00a0\u00a0\u00a0\u00a0\u00a0\u00a0\u00a0\u00a0\u00a0\u00a0\u00a0\u00a0\u00a0\u00a0\u00a0\u00a0\u00a0\u2193\u00a0 caillebotis\u00a0Ip\u00e9e\u00a0 \u2191<\/p>\n<p style=\"text-align: justify;\"><a href=\"\/wp-content\/uploads\/2018\/07\/all\u00e9e-3.jpg\"><img loading=\"lazy\" decoding=\"async\" class=\"alignnone size-medium wp-image-231\" alt=\"all\u00e9e 3\" src=\"\/wp-content\/uploads\/2018\/07\/all\u00e9e-3-225x300.jpg\" width=\"225\" height=\"300\" \/><\/a>\u00a0<a href=\"\/wp-content\/uploads\/2018\/07\/all\u00e9e-2.jpg\"><img loading=\"lazy\" decoding=\"async\" class=\"alignnone size-medium wp-image-230\" alt=\"all\u00e9e 2\" src=\"\/wp-content\/uploads\/2018\/07\/all\u00e9e-2-225x300.jpg\" width=\"225\" height=\"300\" \/><\/a><a href=\"\/wp-content\/uploads\/2018\/07\/DSC01987.jpg\"><img loading=\"lazy\" decoding=\"async\" class=\"alignnone size-medium wp-image-316\" alt=\"DSC01987\" src=\"\/wp-content\/uploads\/2018\/07\/DSC01987-225x300.jpg\" width=\"225\" height=\"300\" \/><\/a>\u00a0<a href=\"\/wp-content\/uploads\/2018\/07\/dallage-2.jpg\"><img loading=\"lazy\" decoding=\"async\" class=\"alignnone size-medium wp-image-192\" alt=\"dallage 2\" src=\"\/wp-content\/uploads\/2018\/07\/dallage-2-200x300.jpg\" width=\"221\" height=\"295\" \/><\/a><\/p>\n<p style=\"text-align: justify;\">\u00a0\u00a0\u00a0\u00a0\u00a0\u00a0\u00a0\u00a0\u00a0\u00a0\u00a0\u00a0\u00a0\u00a0\u00a0\u00a0\u00a0\u00a0 caillebotis Ip\u00e9e\u00a0 \u2191\u00a0\u00a0\u00a0\u00a0\u00a0\u00a0\u00a0\u00a0\u00a0\u00a0\u00a0\u00a0\u00a0\u00a0\u00a0\u00a0\u00a0\u00a0\u00a0\u00a0\u00a0\u00a0\u00a0\u00a0\u00a0\u00a0\u00a0\u00a0\u00a0\u00a0\u00a0\u00a0\u00a0\u00a0\u00a0\u00a0\u00a0\u00a0\u00a0\u00a0\u00a0\u00a0\u00a0\u00a0\u00a0 opus incertum\u00a0 \u2191<\/p>\n<p style=\"text-align: justify;\"><a href=\"\/wp-content\/uploads\/2018\/07\/dallage-1.jpg\"><img loading=\"lazy\" decoding=\"async\" class=\"alignnone size-medium wp-image-191\" alt=\"dallage 1\" src=\"\/wp-content\/uploads\/2018\/07\/dallage-1-300x225.jpg\" width=\"300\" height=\"225\" \/><\/a><\/p>\n<p style=\"text-align: justify;\">\u00a0\u00a0\u00a0\u00a0\u00a0\u00a0\u00a0\u00a0\u00a0\u00a0\u00a0\u00a0\u00a0\u00a0\u00a0\u00a0\u00a0\u00a0\u00a0\u00a0\u00a0\u00a0\u00a0\u00a0\u00a0\u00a0\u00a0\u00a0\u00a0\u00a0\u00a0 dallage\u00a0 \u2191<\/p>\n<hr \/>\n<h3>En Images<\/h3>\nngg_shortcode_0_placeholder\n","protected":false},"excerpt":{"rendered":"<p>Le caillebotis\u00a0: vous pouvez facilement renouveler votre all\u00e9e. Sa d\u00e9coupe permet de r\u00e9alis\u00e9 toutes les formes et arrondis souhait\u00e9. Le schiste\u00a0: se pose plut\u00f4t en pas japonais, en quinconce, ou en ligne\u00a0 entour\u00e9 de caillou, de gazon, d\u2019\u00e9corces). Dallage\u00a0: se\u2026<\/p>\n","protected":false},"author":1,"featured_media":0,"parent":0,"menu_order":0,"comment_status":"closed","ping_status":"closed","template":"","meta":{"ngg_post_thumbnail":0,"footnotes":""},"class_list":["post-727","page","type-page","status-publish","hentry"],"aioseo_notices":[],"_links":{"self":[{"href":"https:\/\/www.paysagiste-andernos.com\/index.php?rest_route=\/wp\/v2\/pages\/727","targetHints":{"allow":["GET"]}}],"collection":[{"href":"https:\/\/www.paysagiste-andernos.com\/index.php?rest_route=\/wp\/v2\/pages"}],"about":[{"href":"https:\/\/www.paysagiste-andernos.com\/index.php?rest_route=\/wp\/v2\/types\/page"}],"author":[{"embeddable":true,"href":"https:\/\/www.paysagiste-andernos.com\/index.php?rest_route=\/wp\/v2\/users\/1"}],"replies":[{"embeddable":true,"href":"https:\/\/www.paysagiste-andernos.com\/index.php?rest_route=%2Fwp%2Fv2%2Fcomments&post=727"}],"version-history":[{"count":4,"href":"https:\/\/www.paysagiste-andernos.com\/index.php?rest_route=\/wp\/v2\/pages\/727\/revisions"}],"predecessor-version":[{"id":758,"href":"https:\/\/www.paysagiste-andernos.com\/index.php?rest_route=\/wp\/v2\/pages\/727\/revisions\/758"}],"wp:attachment":[{"href":"https:\/\/www.paysagiste-andernos.com\/index.php?rest_route=%2Fwp%2Fv2%2Fmedia&parent=727"}],"curies":[{"name":"wp","href":"https:\/\/api.w.org\/{rel}","templated":true}]}}