{"id":760,"date":"2018-07-03T14:57:44","date_gmt":"2018-07-03T12:57:44","guid":{"rendered":"http:\/\/xavd.azurewebsites.net\/?page_id=760"},"modified":"2018-07-03T14:57:44","modified_gmt":"2018-07-03T12:57:44","slug":"les-clotures","status":"publish","type":"page","link":"https:\/\/www.paysagiste-andernos.com\/?page_id=760","title":{"rendered":"Les cl\u00f4tures"},"content":{"rendered":"<p><span style=\"text-decoration: underline;\">Brande\u00a0: <\/span>c\u2019est un excellent isolant visuel et offre aussi une isolation phonique efficace. Cl\u00f4ture naturel garantis une uniformit\u00e9 total sans trou ni discontinuit\u00e9es disgracieuses ce qui vous garanti une intimit\u00e9 et vous r\u00e9duit les bruits environnants.<\/p>\n<p><span style=\"text-decoration: underline;\">Bois\u00a0<\/span>: offre de nombreuses possibilit\u00e9s selon la diversit\u00e9 et la qualit\u00e9 des essences de bois avec plus ou moins d&rsquo;entretien selon le bois et les produits choisis. Le bois offres des d\u00e9limitations de terrain chaleureux, naturel, authentique. C\u2019est un mat\u00e9riaux \u00e9cologique, robuste trait\u00a0\u00e9 pour r\u00e9sister aux intemp\u00e9ries. L bois offre \u00e9galement tous les style possible\u00a0: formes et couleurs<\/p>\n<p><span style=\"text-decoration: underline;\">Cl\u00f4ture girondine (ganivelle<\/span>)\u00a0: tr\u00e8s connue pour son utilisation sur les plages de nos r\u00e9gions, elle permet de cl\u00f4turer votre\u00a0 jardin tout en laissant une impression d\u2019\u00a0ouverture et d\u2019espace.<\/p>\n<p>&nbsp;<\/p>\n<p><span style=\"text-decoration: underline;\">Les grillages\u00a0<\/span>: Pour d\u00e9limiterun terrain ou le s\u00e9curiser, le grillage offre une solution simple et efficace. Soud\u00e9 ou tiss\u00e9,rigide ou souple, galvanis\u00e9, plastifi\u00e9 voire color\u00e9\u00a0: les mod\u00e8les sont nombreux et de plus en plus esth\u00e9tiques. Pour la pose, il existe des solutions de plus en plus faciles et sans accessoires\u00a0: ancr\u00e9 dans le sol ou scell\u00e9 dans un muret<\/p>\nngg_shortcode_0_placeholder\n<p style=\"text-align: justify;\">\n","protected":false},"excerpt":{"rendered":"<p>Brande\u00a0: c\u2019est un excellent isolant visuel et offre aussi une isolation phonique efficace. Cl\u00f4ture naturel garantis une uniformit\u00e9 total sans trou ni discontinuit\u00e9es disgracieuses ce qui vous garanti une intimit\u00e9 et vous r\u00e9duit les bruits environnants. Bois\u00a0: offre de nombreuses\u2026<\/p>\n","protected":false},"author":1,"featured_media":0,"parent":0,"menu_order":0,"comment_status":"closed","ping_status":"closed","template":"","meta":{"ngg_post_thumbnail":0,"footnotes":""},"class_list":["post-760","page","type-page","status-publish","hentry"],"aioseo_notices":[],"_links":{"self":[{"href":"https:\/\/www.paysagiste-andernos.com\/index.php?rest_route=\/wp\/v2\/pages\/760","targetHints":{"allow":["GET"]}}],"collection":[{"href":"https:\/\/www.paysagiste-andernos.com\/index.php?rest_route=\/wp\/v2\/pages"}],"about":[{"href":"https:\/\/www.paysagiste-andernos.com\/index.php?rest_route=\/wp\/v2\/types\/page"}],"author":[{"embeddable":true,"href":"https:\/\/www.paysagiste-andernos.com\/index.php?rest_route=\/wp\/v2\/users\/1"}],"replies":[{"embeddable":true,"href":"https:\/\/www.paysagiste-andernos.com\/index.php?rest_route=%2Fwp%2Fv2%2Fcomments&post=760"}],"version-history":[{"count":1,"href":"https:\/\/www.paysagiste-andernos.com\/index.php?rest_route=\/wp\/v2\/pages\/760\/revisions"}],"predecessor-version":[{"id":762,"href":"https:\/\/www.paysagiste-andernos.com\/index.php?rest_route=\/wp\/v2\/pages\/760\/revisions\/762"}],"wp:attachment":[{"href":"https:\/\/www.paysagiste-andernos.com\/index.php?rest_route=%2Fwp%2Fv2%2Fmedia&parent=760"}],"curies":[{"name":"wp","href":"https:\/\/api.w.org\/{rel}","templated":true}]}}